{"id":58712,"date":"2024-03-21T12:38:47","date_gmt":"2024-03-21T12:38:47","guid":{"rendered":"https:\/\/classipredio.com.br\/produtos\/produto\/piso-cimenticio-rustico-antiderrapante-borda-reta-36-quadros-suvial-cinza-30x30cm\/"},"modified":"2024-03-21T12:38:58","modified_gmt":"2024-03-21T12:38:58","slug":"piso-cimenticio-rustico-antiderrapante-borda-reta-36-quadros-suvial-cinza-30x30cm","status":"publish","type":"product","link":"https:\/\/classipredio.com.br\/produtos\/produto\/piso-cimenticio-rustico-antiderrapante-borda-reta-36-quadros-suvial-cinza-30x30cm\/","title":{"rendered":"Piso Ciment\u00edcio R\u00fastico Antiderrapante Borda Reta 36 Quadros Suvial Cinza 30x30cm"},"content":{"rendered":"<p>Piso Ciment\u00edcio R\u00fastico Antiderrapante Borda Reta 36 Quadros Suvial Cinza 30x30cm<\/p>\n","protected":false},"excerpt":{"rendered":"<p>Piso Ciment\u00edcio R\u00fastico Antiderrapante Borda Reta 36 Quadros Suvial Cinza 30x30cm<\/p>\n","protected":false},"featured_media":58713,"comment_status":"closed","ping_status":"open","template":"","meta":[],"product_cat":[1611],"product_tag":[],"class_list":{"0":"post-58712","1":"product","2":"type-product","3":"status-publish","4":"has-post-thumbnail","6":"product_cat-cc-br","8":"first","9":"instock","10":"product-type-external"},"_links":{"self":[{"href":"https:\/\/classipredio.com.br\/produtos\/wp-json\/wp\/v2\/product\/58712","targetHints":{"allow":["GET"]}}],"collection":[{"href":"https:\/\/classipredio.com.br\/produtos\/wp-json\/wp\/v2\/product"}],"about":[{"href":"https:\/\/classipredio.com.br\/produtos\/wp-json\/wp\/v2\/types\/product"}],"replies":[{"embeddable":true,"href":"https:\/\/classipredio.com.br\/produtos\/wp-json\/wp\/v2\/comments?post=58712"}],"wp:featuredmedia":[{"embeddable":true,"href":"https:\/\/classipredio.com.br\/produtos\/wp-json\/wp\/v2\/media\/58713"}],"wp:attachment":[{"href":"https:\/\/classipredio.com.br\/produtos\/wp-json\/wp\/v2\/media?parent=58712"}],"wp:term":[{"taxonomy":"product_cat","embeddable":true,"href":"https:\/\/classipredio.com.br\/produtos\/wp-json\/wp\/v2\/product_cat?post=58712"},{"taxonomy":"product_tag","embeddable":true,"href":"https:\/\/classipredio.com.br\/produtos\/wp-json\/wp\/v2\/product_tag?post=58712"}],"curies":[{"name":"wp","href":"https:\/\/api.w.org\/{rel}","templated":true}]}}