{"id":63518,"date":"2024-03-21T13:28:32","date_gmt":"2024-03-21T13:28:32","guid":{"rendered":"https:\/\/classipredio.com.br\/produtos\/produto\/vaso-sanitario-convencional-carrara-ebano\/"},"modified":"2024-03-21T13:28:38","modified_gmt":"2024-03-21T13:28:38","slug":"vaso-sanitario-convencional-carrara-ebano","status":"publish","type":"product","link":"https:\/\/classipredio.com.br\/produtos\/produto\/vaso-sanitario-convencional-carrara-ebano\/","title":{"rendered":"Vaso Sanit\u00e1rio Convencional Carrara \u00c9bano"},"content":{"rendered":"<p>Vaso Sanit\u00e1rio Convencional Carrara \u00c9bano<\/p>\n","protected":false},"excerpt":{"rendered":"<p>Vaso Sanit\u00e1rio Convencional Carrara \u00c9bano<\/p>\n","protected":false},"featured_media":63519,"comment_status":"closed","ping_status":"open","template":"","meta":[],"product_cat":[1611],"product_tag":[],"class_list":{"0":"post-63518","1":"product","2":"type-product","3":"status-publish","4":"has-post-thumbnail","6":"product_cat-cc-br","8":"first","9":"instock","10":"product-type-external"},"_links":{"self":[{"href":"https:\/\/classipredio.com.br\/produtos\/wp-json\/wp\/v2\/product\/63518","targetHints":{"allow":["GET"]}}],"collection":[{"href":"https:\/\/classipredio.com.br\/produtos\/wp-json\/wp\/v2\/product"}],"about":[{"href":"https:\/\/classipredio.com.br\/produtos\/wp-json\/wp\/v2\/types\/product"}],"replies":[{"embeddable":true,"href":"https:\/\/classipredio.com.br\/produtos\/wp-json\/wp\/v2\/comments?post=63518"}],"wp:featuredmedia":[{"embeddable":true,"href":"https:\/\/classipredio.com.br\/produtos\/wp-json\/wp\/v2\/media\/63519"}],"wp:attachment":[{"href":"https:\/\/classipredio.com.br\/produtos\/wp-json\/wp\/v2\/media?parent=63518"}],"wp:term":[{"taxonomy":"product_cat","embeddable":true,"href":"https:\/\/classipredio.com.br\/produtos\/wp-json\/wp\/v2\/product_cat?post=63518"},{"taxonomy":"product_tag","embeddable":true,"href":"https:\/\/classipredio.com.br\/produtos\/wp-json\/wp\/v2\/product_tag?post=63518"}],"curies":[{"name":"wp","href":"https:\/\/api.w.org\/{rel}","templated":true}]}}