{"id":65348,"date":"2024-03-25T11:17:42","date_gmt":"2024-03-25T11:17:42","guid":{"rendered":"https:\/\/classipredio.com.br\/produtos\/produto\/mousepad-gamer-rise-mode-sniper-speed-medio-290x210mm-rg-mp-04-snp\/"},"modified":"2024-03-25T11:18:31","modified_gmt":"2024-03-25T11:18:31","slug":"mousepad-gamer-rise-mode-sniper-speed-medio-290x210mm-rg-mp-04-snp","status":"publish","type":"product","link":"https:\/\/classipredio.com.br\/produtos\/produto\/mousepad-gamer-rise-mode-sniper-speed-medio-290x210mm-rg-mp-04-snp\/","title":{"rendered":"Mousepad Gamer Rise Mode Sniper, Speed, M\u00e9dio (290x210mm) &#8211; RG-MP-04-SNP"},"content":{"rendered":"<p>Os Mouse Pads Rise Gaming oferecem tudo que um Gamer procura, base em borracha antiderrapante e uma superf\u00edcie em Fibertek, seu estilo Speed na superf\u00edcie proporciona movimentos r\u00e1pidos e tiros precisos, sua superf\u00edcie resistente \u00e0 \u00e1gua contribui com a limpeza e durabilidade, sua flexibilidade e tecnologia permite o f\u00e1cil transporte. Impress\u00e3o de alta de qualidade com diversos modelos, tendo um que ir\u00e1 combinar com sua configura\u00e7\u00e3o e trazer personalidade para seu espa\u00e7o gamer.<\/p>\n","protected":false},"excerpt":{"rendered":"<p>Os Mouse Pads Rise Gaming oferecem tudo que um Gamer procura, base em borracha antiderrapante e uma superf\u00edcie em Fibertek, seu estilo Speed na superf\u00edcie proporciona movimentos r\u00e1pidos e tiros<\/p>\n","protected":false},"featured_media":65349,"comment_status":"closed","ping_status":"open","template":"","meta":[],"product_cat":[1628],"product_tag":[],"class_list":{"0":"post-65348","1":"product","2":"type-product","3":"status-publish","4":"has-post-thumbnail","6":"product_cat-perifericos-mouse-pad-mouse-pad-gamer-mouse-pad-gamer","8":"first","9":"instock","10":"product-type-external"},"_links":{"self":[{"href":"https:\/\/classipredio.com.br\/produtos\/wp-json\/wp\/v2\/product\/65348","targetHints":{"allow":["GET"]}}],"collection":[{"href":"https:\/\/classipredio.com.br\/produtos\/wp-json\/wp\/v2\/product"}],"about":[{"href":"https:\/\/classipredio.com.br\/produtos\/wp-json\/wp\/v2\/types\/product"}],"replies":[{"embeddable":true,"href":"https:\/\/classipredio.com.br\/produtos\/wp-json\/wp\/v2\/comments?post=65348"}],"wp:featuredmedia":[{"embeddable":true,"href":"https:\/\/classipredio.com.br\/produtos\/wp-json\/wp\/v2\/media\/65349"}],"wp:attachment":[{"href":"https:\/\/classipredio.com.br\/produtos\/wp-json\/wp\/v2\/media?parent=65348"}],"wp:term":[{"taxonomy":"product_cat","embeddable":true,"href":"https:\/\/classipredio.com.br\/produtos\/wp-json\/wp\/v2\/product_cat?post=65348"},{"taxonomy":"product_tag","embeddable":true,"href":"https:\/\/classipredio.com.br\/produtos\/wp-json\/wp\/v2\/product_tag?post=65348"}],"curies":[{"name":"wp","href":"https:\/\/api.w.org\/{rel}","templated":true}]}}