{"id":70700,"date":"2024-03-25T13:57:09","date_gmt":"2024-03-25T13:57:09","guid":{"rendered":"https:\/\/classipredio.com.br\/produtos\/produto\/cadeira-gamer-corsair-t3-rush-2023-ate-120kg-com-almofadas-reclinavel-apoio-de-bracos-4d-preto-e-cinza-cf-9010057-ww\/"},"modified":"2024-03-25T13:57:19","modified_gmt":"2024-03-25T13:57:19","slug":"cadeira-gamer-corsair-t3-rush-2023-ate-120kg-com-almofadas-reclinavel-apoio-de-bracos-4d-preto-e-cinza-cf-9010057-ww","status":"publish","type":"product","link":"https:\/\/classipredio.com.br\/produtos\/produto\/cadeira-gamer-corsair-t3-rush-2023-ate-120kg-com-almofadas-reclinavel-apoio-de-bracos-4d-preto-e-cinza-cf-9010057-ww\/","title":{"rendered":"Cadeira Gamer Corsair T3 Rush 2023, At\u00e9 120Kg, Com Almofadas, Reclin\u00e1vel, Apoio de Bra\u00e7os 4D, Preto e Cinza &#8211; CF-9010057-WW"},"content":{"rendered":"<p>Cadeira Gamer Corsair T3 Rush 2023, At&eacute; 120Kg, Com Almofadas, Reclin&aacute;vel, Apoio de Bra&ccedil;os 4D, Cinza e Preto &#8211; CF-9010056-WW A cadeira para jogos CORSAIR T3 RUSH (2023) inspira-se nos desportos motorizados profissionais, com um formato anat&oacute;mico e um exterior respir&aacute;vel em tecido suave. Uma almofada cervical ajust&aacute;vel e o apoio lombar viscoel&aacute;stico asseguram o conforto necess&aacute;rio para jogar todo o dia, ao passo que a estrutura s&oacute;lida em a&ccedil;o integrada garante anos e anos de durabilidade. CORSAIR T3 RUSH (2023) A T3 RUSH &eacute; ajust&aacute;vel de quase todas as formas, com apoios para os bra&ccedil;os 4D que se deslocam em qualquer dire&ccedil;&atilde;o, 100 mm de altura do banco ajust&aacute;vel, um encosto reclin&aacute;vel 160&deg; e 10&deg; de inclina&ccedil;&atilde;o do assento bloque&aacute;vel, para que possa encontrar a sua posi&ccedil;&atilde;o ideal. Gra&ccedil;as &agrave; montagem f&aacute;cil e &agrave; capacidade de deslizamento na maioria da superf&iacute;cies com rod&iacute;zios de roda dupla de&nbsp; 65 mm, a T3 RUSH proporciona-lhe todo o conforto durante horas a fio.<\/p>\n","protected":false},"excerpt":{"rendered":"<p>Cadeira Gamer Corsair T3 Rush 2023, At&eacute; 120Kg, Com Almofadas, Reclin&aacute;vel, Apoio de Bra&ccedil;os 4D, Cinza e Preto &#8211; CF-9010056-WW A cadeira para jogos CORSAIR T3 RUSH (2023) inspira-se nos<\/p>\n","protected":false},"featured_media":70701,"comment_status":"closed","ping_status":"open","template":"","meta":[],"product_cat":[1936],"product_tag":[],"class_list":{"0":"post-70700","1":"product","2":"type-product","3":"status-publish","4":"has-post-thumbnail","6":"product_cat-espaco-gamer-cadeiras-gamer-corsair-corsair","8":"first","9":"instock","10":"product-type-external"},"_links":{"self":[{"href":"https:\/\/classipredio.com.br\/produtos\/wp-json\/wp\/v2\/product\/70700","targetHints":{"allow":["GET"]}}],"collection":[{"href":"https:\/\/classipredio.com.br\/produtos\/wp-json\/wp\/v2\/product"}],"about":[{"href":"https:\/\/classipredio.com.br\/produtos\/wp-json\/wp\/v2\/types\/product"}],"replies":[{"embeddable":true,"href":"https:\/\/classipredio.com.br\/produtos\/wp-json\/wp\/v2\/comments?post=70700"}],"wp:featuredmedia":[{"embeddable":true,"href":"https:\/\/classipredio.com.br\/produtos\/wp-json\/wp\/v2\/media\/70701"}],"wp:attachment":[{"href":"https:\/\/classipredio.com.br\/produtos\/wp-json\/wp\/v2\/media?parent=70700"}],"wp:term":[{"taxonomy":"product_cat","embeddable":true,"href":"https:\/\/classipredio.com.br\/produtos\/wp-json\/wp\/v2\/product_cat?post=70700"},{"taxonomy":"product_tag","embeddable":true,"href":"https:\/\/classipredio.com.br\/produtos\/wp-json\/wp\/v2\/product_tag?post=70700"}],"curies":[{"name":"wp","href":"https:\/\/api.w.org\/{rel}","templated":true}]}}