{"id":73083,"date":"2024-03-25T15:07:55","date_gmt":"2024-03-25T15:07:55","guid":{"rendered":"https:\/\/classipredio.com.br\/produtos\/produto\/mousepad-gamer-razer-goliathus-mobile-stealth-control-speed-pequeno-270x215mm-rz02-01820500-r3u1\/"},"modified":"2024-03-25T15:07:55","modified_gmt":"2024-03-25T15:07:55","slug":"mousepad-gamer-razer-goliathus-mobile-stealth-control-speed-pequeno-270x215mm-rz02-01820500-r3u1","status":"publish","type":"product","link":"https:\/\/classipredio.com.br\/produtos\/produto\/mousepad-gamer-razer-goliathus-mobile-stealth-control-speed-pequeno-270x215mm-rz02-01820500-r3u1\/","title":{"rendered":"Mousepad Gamer Razer Goliathus Mobile Stealth, Control\/Speed, Pequeno (270x215mm) &#8211; RZ02-01820500-R3U1"},"content":{"rendered":"<p>Este \u00e9 o mousepad gamer ideal para players que querem melhorar os resultados dos jogos, sem ocupar muito espa\u00e7o no setup. Com superf\u00edcie perfeita para deslizamento suave do mouse gamer, com \u00f3tima resposta para frenagens e deslocamentos da arma mais potente dos jogos online e outros games no PC. A Razer fez uma pesquisa exaustiva para chegar a este mousepad gamer Razer de alto padr\u00e3o, elaborado para ser fino e flex\u00edvel. Possui apenas 1,5 mm de espessura, o suficiente para ser confort\u00e1vel e com superf\u00edcie totalmente est\u00e1vel. Vers\u00e1til, os jogadores podem enrolar o mousepad para levar para um campeonato, guardar na mochila ou usar entre o teclado e a tela. Muito indicado para os gamers que n\u00e3o querem limites para suas aventuras, j\u00e1 que o produto n\u00e3o deforma! O gameplay fica mais emocionante, os golpes mais precisos ainda e a vit\u00f3ria praticamente garantida, pois os m\u00ednimos movimentos no mouse gamer s\u00e3o traduzidos para a tela com o suporte deste mousepad. Produto feito com tecido fino e microtexturizado. A Razer se preocupou meticulosamente com todos os detalhes do produto para fornecer essa arma imbat\u00edvel para os games mais complexos!<\/p>\n","protected":false},"excerpt":{"rendered":"<p>Este \u00e9 o mousepad gamer ideal para players que querem melhorar os resultados dos jogos, sem ocupar muito espa\u00e7o no setup. Com superf\u00edcie perfeita para deslizamento suave do mouse gamer,<\/p>\n","protected":false},"featured_media":73084,"comment_status":"closed","ping_status":"open","template":"","meta":[],"product_cat":[1628],"product_tag":[],"class_list":{"0":"post-73083","1":"product","2":"type-product","3":"status-publish","4":"has-post-thumbnail","6":"product_cat-perifericos-mouse-pad-mouse-pad-gamer-mouse-pad-gamer","8":"first","9":"instock","10":"product-type-external"},"_links":{"self":[{"href":"https:\/\/classipredio.com.br\/produtos\/wp-json\/wp\/v2\/product\/73083","targetHints":{"allow":["GET"]}}],"collection":[{"href":"https:\/\/classipredio.com.br\/produtos\/wp-json\/wp\/v2\/product"}],"about":[{"href":"https:\/\/classipredio.com.br\/produtos\/wp-json\/wp\/v2\/types\/product"}],"replies":[{"embeddable":true,"href":"https:\/\/classipredio.com.br\/produtos\/wp-json\/wp\/v2\/comments?post=73083"}],"wp:featuredmedia":[{"embeddable":true,"href":"https:\/\/classipredio.com.br\/produtos\/wp-json\/wp\/v2\/media\/73084"}],"wp:attachment":[{"href":"https:\/\/classipredio.com.br\/produtos\/wp-json\/wp\/v2\/media?parent=73083"}],"wp:term":[{"taxonomy":"product_cat","embeddable":true,"href":"https:\/\/classipredio.com.br\/produtos\/wp-json\/wp\/v2\/product_cat?post=73083"},{"taxonomy":"product_tag","embeddable":true,"href":"https:\/\/classipredio.com.br\/produtos\/wp-json\/wp\/v2\/product_tag?post=73083"}],"curies":[{"name":"wp","href":"https:\/\/api.w.org\/{rel}","templated":true}]}}