{"id":73803,"date":"2024-03-25T15:29:52","date_gmt":"2024-03-25T15:29:52","guid":{"rendered":"https:\/\/classipredio.com.br\/produtos\/produto\/mousepad-gamer-steelseries-qck-mini-pro-pequeno-250x210mm-63005\/"},"modified":"2024-03-25T15:30:02","modified_gmt":"2024-03-25T15:30:02","slug":"mousepad-gamer-steelseries-qck-mini-pro-pequeno-250x210mm-63005","status":"publish","type":"product","link":"https:\/\/classipredio.com.br\/produtos\/produto\/mousepad-gamer-steelseries-qck-mini-pro-pequeno-250x210mm-63005\/","title":{"rendered":"Mousepad Gamer Steelseries QcK Mini Pro, Pequeno (250x210mm) &#8211; 63005"},"content":{"rendered":"<p>Mouse pad n\u00e3o r\u00edgido, superf\u00edcie de tecido, base emborrachada n\u00e3o deslizante, 25 x 21 x 0,2 cm.<\/p>\n","protected":false},"excerpt":{"rendered":"<p>Mouse pad n\u00e3o r\u00edgido, superf\u00edcie de tecido, base emborrachada n\u00e3o deslizante, 25 x 21 x 0,2 cm.<\/p>\n","protected":false},"featured_media":73804,"comment_status":"closed","ping_status":"open","template":"","meta":[],"product_cat":[1628],"product_tag":[],"class_list":{"0":"post-73803","1":"product","2":"type-product","3":"status-publish","4":"has-post-thumbnail","6":"product_cat-perifericos-mouse-pad-mouse-pad-gamer-mouse-pad-gamer","8":"first","9":"instock","10":"product-type-external"},"_links":{"self":[{"href":"https:\/\/classipredio.com.br\/produtos\/wp-json\/wp\/v2\/product\/73803","targetHints":{"allow":["GET"]}}],"collection":[{"href":"https:\/\/classipredio.com.br\/produtos\/wp-json\/wp\/v2\/product"}],"about":[{"href":"https:\/\/classipredio.com.br\/produtos\/wp-json\/wp\/v2\/types\/product"}],"replies":[{"embeddable":true,"href":"https:\/\/classipredio.com.br\/produtos\/wp-json\/wp\/v2\/comments?post=73803"}],"wp:featuredmedia":[{"embeddable":true,"href":"https:\/\/classipredio.com.br\/produtos\/wp-json\/wp\/v2\/media\/73804"}],"wp:attachment":[{"href":"https:\/\/classipredio.com.br\/produtos\/wp-json\/wp\/v2\/media?parent=73803"}],"wp:term":[{"taxonomy":"product_cat","embeddable":true,"href":"https:\/\/classipredio.com.br\/produtos\/wp-json\/wp\/v2\/product_cat?post=73803"},{"taxonomy":"product_tag","embeddable":true,"href":"https:\/\/classipredio.com.br\/produtos\/wp-json\/wp\/v2\/product_tag?post=73803"}],"curies":[{"name":"wp","href":"https:\/\/api.w.org\/{rel}","templated":true}]}}