{"id":73805,"date":"2024-03-25T15:29:52","date_gmt":"2024-03-25T15:29:52","guid":{"rendered":"https:\/\/classipredio.com.br\/produtos\/produto\/mousepad-gamer-steelseries-qck-edge-extra-grande-900x300mm-63824\/"},"modified":"2024-03-25T15:30:05","modified_gmt":"2024-03-25T15:30:05","slug":"mousepad-gamer-steelseries-qck-edge-extra-grande-900x300mm-63824","status":"publish","type":"product","link":"https:\/\/classipredio.com.br\/produtos\/produto\/mousepad-gamer-steelseries-qck-edge-extra-grande-900x300mm-63824\/","title":{"rendered":"Mousepad Gamer Steelseries QCK Edge, Extra Grande (900x300mm) &#8211; 63824"},"content":{"rendered":"<p>Bordas costuradas para maior durabilidade. Tecido exclusivo QcK de micro-fibra para controle m\u00e1ximo. Optimizado para DPI baixo e alto para rastrear movimentos. Dur\u00e1vel e lav\u00e1vel para facilitar a limpeza. Bordas Costuradas que nunca desfiam. Costurando ao longo das bordas da superf\u00edcie, assegure-se de que nunca se desgastar\u00e1 ou descascar\u00e1. Precis\u00e3o pontual do mouse. Testado pelo fabricante do sensor superior do mouse, a alta contagem de threads e a superf\u00edcie lisa otimizam a precis\u00e3o no rastreamento do mouse com sensores \u00f3pticos e a laser. Base Anti-derrapante. A base de borracha dur\u00e1vel e antiderrapante foi projetada para eliminar movimentos indesejados e fornecer uma plataforma s\u00f3lida para jogos competitivos. Performance Profissional. Com mais de 10 milh\u00f5es de unidades vendidas e confi\u00e1veis por estrelas do esports em todo o mundo, a premiada superf\u00edcie QcK agora est\u00e1 dispon\u00edvel com bordas costuradas. S\u00e9rie Qck Edge. Apresentando a mesma lend\u00e1ria superf\u00edcie de tecido de microfibra que a QcK, a S\u00e9rie QcK Edge oferece durabilidade extra a partir do descascamento e desgaste, gra\u00e7as \u00e0s bordas costuradas.<\/p>\n","protected":false},"excerpt":{"rendered":"<p>Bordas costuradas para maior durabilidade. Tecido exclusivo QcK de micro-fibra para controle m\u00e1ximo. Optimizado para DPI baixo e alto para rastrear movimentos. Dur\u00e1vel e lav\u00e1vel para facilitar a limpeza. Bordas<\/p>\n","protected":false},"featured_media":73806,"comment_status":"closed","ping_status":"open","template":"","meta":[],"product_cat":[1628],"product_tag":[],"class_list":{"0":"post-73805","1":"product","2":"type-product","3":"status-publish","4":"has-post-thumbnail","6":"product_cat-perifericos-mouse-pad-mouse-pad-gamer-mouse-pad-gamer","8":"first","9":"instock","10":"product-type-external"},"_links":{"self":[{"href":"https:\/\/classipredio.com.br\/produtos\/wp-json\/wp\/v2\/product\/73805","targetHints":{"allow":["GET"]}}],"collection":[{"href":"https:\/\/classipredio.com.br\/produtos\/wp-json\/wp\/v2\/product"}],"about":[{"href":"https:\/\/classipredio.com.br\/produtos\/wp-json\/wp\/v2\/types\/product"}],"replies":[{"embeddable":true,"href":"https:\/\/classipredio.com.br\/produtos\/wp-json\/wp\/v2\/comments?post=73805"}],"wp:featuredmedia":[{"embeddable":true,"href":"https:\/\/classipredio.com.br\/produtos\/wp-json\/wp\/v2\/media\/73806"}],"wp:attachment":[{"href":"https:\/\/classipredio.com.br\/produtos\/wp-json\/wp\/v2\/media?parent=73805"}],"wp:term":[{"taxonomy":"product_cat","embeddable":true,"href":"https:\/\/classipredio.com.br\/produtos\/wp-json\/wp\/v2\/product_cat?post=73805"},{"taxonomy":"product_tag","embeddable":true,"href":"https:\/\/classipredio.com.br\/produtos\/wp-json\/wp\/v2\/product_tag?post=73805"}],"curies":[{"name":"wp","href":"https:\/\/api.w.org\/{rel}","templated":true}]}}