{"id":76643,"date":"2024-05-18T21:44:45","date_gmt":"2024-05-18T21:44:45","guid":{"rendered":"https:\/\/classipredio.com.br\/produtos\/produto\/papel-de-parede-madeira-rustica-em-tons-de-marrom-escuro\/"},"modified":"2024-05-18T21:44:48","modified_gmt":"2024-05-18T21:44:48","slug":"papel-de-parede-madeira-rustica-em-tons-de-marrom-escuro","status":"publish","type":"product","link":"https:\/\/classipredio.com.br\/produtos\/produto\/papel-de-parede-madeira-rustica-em-tons-de-marrom-escuro\/","title":{"rendered":"Papel de Parede Madeira R\u00fastica em Tons de Marrom Escuro"},"content":{"rendered":"<p>Papel de Parede Madeira R\u00fastica em Tons de Marrom Escuro O Papel de Parede Madeira \u00e9 um dos mais queridinhos , j\u00e1 que ajuda a compor os mais diferentes estilos. Seja na reforma ou em um projeto novo, o papel amadeirado fica perfeito em qualquer decora\u00e7\u00e3o, mantendo o ambiente r\u00fastico e ao mesmo tempo moderno e sofisticado. Caracter\u00edsticas T\u00e9cnicas do Papel de Parede Madeira: Tamanho: 0,50m largura X pela altura da sua parede O produto \u00e9 vendido em unidade rolo Gramatura: 130 gramas Material: 100% PVC Vin\u00edlico Fosco Auto Colante Textura: Vin\u00edlica Fosca Sem Relevo Cola: N\u00e3o Necessita. Observa\u00e7\u00f5es: Os pap\u00e9is aderem em paredes preparadas com massa corrida, gesso, tinta l\u00e1tex e acr\u00edlica, azulejos sem texturas . Podem ser aplicados em superf\u00edcies planas ou com curvaturas simples, na&#8230;<\/p>\n","protected":false},"excerpt":{"rendered":"<p>Papel de Parede Madeira R\u00fastica em Tons de Marrom Escuro O Papel de Parede Madeira \u00e9 um dos mais queridinhos , j\u00e1 que ajuda a compor os mais diferentes estilos.<\/p>\n","protected":false},"featured_media":76644,"comment_status":"closed","ping_status":"open","template":"","meta":[],"product_cat":[2099],"product_tag":[],"class_list":{"0":"post-76643","1":"product","2":"type-product","3":"status-publish","4":"has-post-thumbnail","6":"product_cat-papel-de-parede","8":"first","9":"instock","10":"product-type-external"},"_links":{"self":[{"href":"https:\/\/classipredio.com.br\/produtos\/wp-json\/wp\/v2\/product\/76643","targetHints":{"allow":["GET"]}}],"collection":[{"href":"https:\/\/classipredio.com.br\/produtos\/wp-json\/wp\/v2\/product"}],"about":[{"href":"https:\/\/classipredio.com.br\/produtos\/wp-json\/wp\/v2\/types\/product"}],"replies":[{"embeddable":true,"href":"https:\/\/classipredio.com.br\/produtos\/wp-json\/wp\/v2\/comments?post=76643"}],"wp:featuredmedia":[{"embeddable":true,"href":"https:\/\/classipredio.com.br\/produtos\/wp-json\/wp\/v2\/media\/76644"}],"wp:attachment":[{"href":"https:\/\/classipredio.com.br\/produtos\/wp-json\/wp\/v2\/media?parent=76643"}],"wp:term":[{"taxonomy":"product_cat","embeddable":true,"href":"https:\/\/classipredio.com.br\/produtos\/wp-json\/wp\/v2\/product_cat?post=76643"},{"taxonomy":"product_tag","embeddable":true,"href":"https:\/\/classipredio.com.br\/produtos\/wp-json\/wp\/v2\/product_tag?post=76643"}],"curies":[{"name":"wp","href":"https:\/\/api.w.org\/{rel}","templated":true}]}}