{"id":76784,"date":"2024-05-18T21:46:48","date_gmt":"2024-05-18T21:46:48","guid":{"rendered":"https:\/\/classipredio.com.br\/produtos\/produto\/papel-de-parede-pastilhas-em-tons-de-vermelho\/"},"modified":"2024-05-18T21:47:08","modified_gmt":"2024-05-18T21:47:08","slug":"papel-de-parede-pastilhas-em-tons-de-vermelho","status":"publish","type":"product","link":"https:\/\/classipredio.com.br\/produtos\/produto\/papel-de-parede-pastilhas-em-tons-de-vermelho\/","title":{"rendered":"Papel de Parede Pastilhas em Tons de Vermelho"},"content":{"rendered":"<p>Papel de Parede Pastilhas em Tons de Vermelho O Papel de Parede Pastilhas sempre d\u00e1 certo quando o assunto \u00e9 reformar e inovar. Apesar de geralmente serem encontradas em banheiros e cozinhas, elas permitem grande variedade de aplica\u00e7\u00e3o dando um excelente toque final na sua decora\u00e7\u00e3o. Caracter\u00edsticas T\u00e9cnicas do Papel de Parede Pastilhas: Tamanho: 0,50m largura X pela altura da sua parede O produto \u00e9 vendido em unidade rolo Gramatura: 130 gramas Material: 100% PVC Vin\u00edlico Fosco Auto Colante Textura: Vin\u00edlica Fosca Sem Relevo Cola: N\u00e3o Necessita. Observa\u00e7\u00f5es: Onde pode ser aplicado Em qualquer ambiente, seja ele interno ou externo, desde que observado os seguintes requisitos: A superf\u00edcie deve ser totalmente lisa sem textura ou relevo N\u00e3o pode haver sedimentos como poeira ou p&#8230;<\/p>\n","protected":false},"excerpt":{"rendered":"<p>Papel de Parede Pastilhas em Tons de Vermelho O Papel de Parede Pastilhas sempre d\u00e1 certo quando o assunto \u00e9 reformar e inovar. Apesar de geralmente serem encontradas em banheiros<\/p>\n","protected":false},"featured_media":76785,"comment_status":"closed","ping_status":"open","template":"","meta":[],"product_cat":[2099],"product_tag":[],"class_list":{"0":"post-76784","1":"product","2":"type-product","3":"status-publish","4":"has-post-thumbnail","6":"product_cat-papel-de-parede","8":"first","9":"instock","10":"product-type-external"},"_links":{"self":[{"href":"https:\/\/classipredio.com.br\/produtos\/wp-json\/wp\/v2\/product\/76784","targetHints":{"allow":["GET"]}}],"collection":[{"href":"https:\/\/classipredio.com.br\/produtos\/wp-json\/wp\/v2\/product"}],"about":[{"href":"https:\/\/classipredio.com.br\/produtos\/wp-json\/wp\/v2\/types\/product"}],"replies":[{"embeddable":true,"href":"https:\/\/classipredio.com.br\/produtos\/wp-json\/wp\/v2\/comments?post=76784"}],"wp:featuredmedia":[{"embeddable":true,"href":"https:\/\/classipredio.com.br\/produtos\/wp-json\/wp\/v2\/media\/76785"}],"wp:attachment":[{"href":"https:\/\/classipredio.com.br\/produtos\/wp-json\/wp\/v2\/media?parent=76784"}],"wp:term":[{"taxonomy":"product_cat","embeddable":true,"href":"https:\/\/classipredio.com.br\/produtos\/wp-json\/wp\/v2\/product_cat?post=76784"},{"taxonomy":"product_tag","embeddable":true,"href":"https:\/\/classipredio.com.br\/produtos\/wp-json\/wp\/v2\/product_tag?post=76784"}],"curies":[{"name":"wp","href":"https:\/\/api.w.org\/{rel}","templated":true}]}}