{"id":81238,"date":"2024-05-21T17:02:08","date_gmt":"2024-05-21T17:02:08","guid":{"rendered":"https:\/\/classipredio.com.br\/produtos\/produto\/amassadeira-semirrapida-braesi-ali-03-60hz-3kg-220v\/"},"modified":"2024-05-21T17:02:40","modified_gmt":"2024-05-21T17:02:40","slug":"amassadeira-semirrapida-braesi-ali-03-60hz-3kg-220v","status":"publish","type":"product","link":"https:\/\/classipredio.com.br\/produtos\/produto\/amassadeira-semirrapida-braesi-ali-03-60hz-3kg-220v\/","title":{"rendered":"Amassadeira Semirr\u00e1pida Braesi ALI-03 60Hz 3Kg 220v"},"content":{"rendered":"<p>\u00a0Amassadeira Semirr\u00e1pida Braesi ALI-03 60Hz 3KgO modelo mais compacto da categoria tem o desempenho e o tamanho que a sua cozinha precisa. Com a ALI-03 voc\u00ea faz v\u00e1rios tipos de massas com um equipamento leve e resistente.Carenagem e tampa em termostato de alta resist\u00eancia.Bacia em a\u00e7o inox mais leve e dur\u00e1velInclui dispenser\u00a0 para inserir ingredientes sem precisar levantar a tampa.A\u00e7o carbono com pintura ep\u00f3xiP\u00e1s fixas<\/p>\n","protected":false},"excerpt":{"rendered":"<p>\u00a0Amassadeira Semirr\u00e1pida Braesi ALI-03 60Hz 3KgO modelo mais compacto da categoria tem o desempenho e o tamanho que a sua cozinha precisa. Com a ALI-03 voc\u00ea faz v\u00e1rios tipos de<\/p>\n","protected":false},"featured_media":81237,"comment_status":"closed","ping_status":"open","template":"","meta":[],"product_cat":[2104],"product_tag":[],"class_list":{"0":"post-81238","1":"product","2":"type-product","3":"status-publish","4":"has-post-thumbnail","6":"product_cat-lojas-benoit","8":"first","9":"instock","10":"product-type-external"},"_links":{"self":[{"href":"https:\/\/classipredio.com.br\/produtos\/wp-json\/wp\/v2\/product\/81238","targetHints":{"allow":["GET"]}}],"collection":[{"href":"https:\/\/classipredio.com.br\/produtos\/wp-json\/wp\/v2\/product"}],"about":[{"href":"https:\/\/classipredio.com.br\/produtos\/wp-json\/wp\/v2\/types\/product"}],"replies":[{"embeddable":true,"href":"https:\/\/classipredio.com.br\/produtos\/wp-json\/wp\/v2\/comments?post=81238"}],"wp:featuredmedia":[{"embeddable":true,"href":"https:\/\/classipredio.com.br\/produtos\/wp-json\/wp\/v2\/media\/81237"}],"wp:attachment":[{"href":"https:\/\/classipredio.com.br\/produtos\/wp-json\/wp\/v2\/media?parent=81238"}],"wp:term":[{"taxonomy":"product_cat","embeddable":true,"href":"https:\/\/classipredio.com.br\/produtos\/wp-json\/wp\/v2\/product_cat?post=81238"},{"taxonomy":"product_tag","embeddable":true,"href":"https:\/\/classipredio.com.br\/produtos\/wp-json\/wp\/v2\/product_tag?post=81238"}],"curies":[{"name":"wp","href":"https:\/\/api.w.org\/{rel}","templated":true}]}}