{"id":82981,"date":"2024-05-21T17:38:47","date_gmt":"2024-05-21T17:38:47","guid":{"rendered":"https:\/\/classipredio.com.br\/produtos\/produto\/cafeteira-britania-cp38-inox-display-digital-110v\/"},"modified":"2024-05-21T17:38:54","modified_gmt":"2024-05-21T17:38:54","slug":"cafeteira-britania-cp38-inox-display-digital-110v","status":"publish","type":"product","link":"https:\/\/classipredio.com.br\/produtos\/produto\/cafeteira-britania-cp38-inox-display-digital-110v\/","title":{"rendered":"Cafeteira Brit\u00e2nia CP38 Inox Display Digital 110v"},"content":{"rendered":"<p>Cafeteira Brit\u00e2nia CP38 Inox Display DigitalPrepare deliciosos caf\u00e9scom a exclusiva cafeteira digital CP38 Brit\u00e2nia. Com seu pr\u00e1ticodisplay digital \u00e9 poss\u00edvel programar a cafeteira para deixar seucaf\u00e9 prontinho em at\u00e9 24 horas de anteced\u00eancia. Al\u00e9m disso elapossui uma placa de aquecimento que mant\u00e9m seu caf\u00e9 quentinho pormuito mais tempo! E para ser mais f\u00e1cil ainda, a CP38 possui colherdosadora, que permite fazer caf\u00e9 na medida certa e sem erros, al\u00e9m disso, ela ajuda voc\u00ea a preservar o meio ambiente,por possuir um filtro permanente, ela dispensa o uso de filtros depapel. Facilite sua vida, compre uma cafeteira CP38 Brit\u00e2nia.Caracter\u00edsticas:- Capacidade: 38 x\u00edcaras- Capacidade: 1,5L- Filtro permanente- Porta filtro- Placa de aquecimento- Corta pingo- Colher dosadora- Pot\u00eancia: 800W-\u00a0Consumo: 0,75kWh<\/p>\n","protected":false},"excerpt":{"rendered":"<p>Cafeteira Brit\u00e2nia CP38 Inox Display DigitalPrepare deliciosos caf\u00e9scom a exclusiva cafeteira digital CP38 Brit\u00e2nia. Com seu pr\u00e1ticodisplay digital \u00e9 poss\u00edvel programar a cafeteira para deixar seucaf\u00e9 prontinho em at\u00e9 24<\/p>\n","protected":false},"featured_media":82982,"comment_status":"closed","ping_status":"open","template":"","meta":[],"product_cat":[2104],"product_tag":[],"class_list":{"0":"post-82981","1":"product","2":"type-product","3":"status-publish","4":"has-post-thumbnail","6":"product_cat-lojas-benoit","8":"first","9":"instock","10":"product-type-external"},"_links":{"self":[{"href":"https:\/\/classipredio.com.br\/produtos\/wp-json\/wp\/v2\/product\/82981","targetHints":{"allow":["GET"]}}],"collection":[{"href":"https:\/\/classipredio.com.br\/produtos\/wp-json\/wp\/v2\/product"}],"about":[{"href":"https:\/\/classipredio.com.br\/produtos\/wp-json\/wp\/v2\/types\/product"}],"replies":[{"embeddable":true,"href":"https:\/\/classipredio.com.br\/produtos\/wp-json\/wp\/v2\/comments?post=82981"}],"wp:featuredmedia":[{"embeddable":true,"href":"https:\/\/classipredio.com.br\/produtos\/wp-json\/wp\/v2\/media\/82982"}],"wp:attachment":[{"href":"https:\/\/classipredio.com.br\/produtos\/wp-json\/wp\/v2\/media?parent=82981"}],"wp:term":[{"taxonomy":"product_cat","embeddable":true,"href":"https:\/\/classipredio.com.br\/produtos\/wp-json\/wp\/v2\/product_cat?post=82981"},{"taxonomy":"product_tag","embeddable":true,"href":"https:\/\/classipredio.com.br\/produtos\/wp-json\/wp\/v2\/product_tag?post=82981"}],"curies":[{"name":"wp","href":"https:\/\/api.w.org\/{rel}","templated":true}]}}