{"id":49055,"date":"2025-01-25T04:57:33","date_gmt":"2025-01-25T04:57:33","guid":{"rendered":"https:\/\/classipredio.com.br\/qzap\/produto\/bomba-combustivel-fiat-stilo-2007-a-2010-magneti-marelli\/"},"modified":"2025-01-25T04:57:37","modified_gmt":"2025-01-25T04:57:37","slug":"bomba-combustivel-fiat-stilo-2007-a-2010-magneti-marelli","status":"publish","type":"product","link":"https:\/\/classipredio.com.br\/qzap\/produto\/bomba-combustivel-fiat-stilo-2007-a-2010-magneti-marelli\/","title":{"rendered":"Bomba Combust\u00edvel Fiat Stilo 2007 a 2010 Magneti Marelli"},"content":{"rendered":"<p>A fun\u00e7\u00e3o de uma bomba de combust\u00edvel \u00e9 deslocar o combust\u00edvel que est\u00e1 no tanque para o sistema de alimenta\u00e7\u00e3o do motor do seu ve\u00edculo, suprindo, assim, todas as suas condi\u00e7\u00f5es de trabalho, como carga, rota\u00e7\u00e3o e temperatura. No m\u00f3dulo de alimenta\u00e7\u00e3o, seu pr\u00f3prio reservat\u00f3rio garante que o combust\u00edvel esteja pr\u00f3ximo a bomba el\u00e9trica e pronto para ser enviado ao motor, al\u00e9m disso, essa configura\u00e7\u00e3o ajuda a manter a bomba lubrificada e bem refrigerada.<\/p>\n","protected":false},"excerpt":{"rendered":"<p>A fun\u00e7\u00e3o de uma bomba de combust\u00edvel \u00e9 deslocar o combust\u00edvel que est\u00e1 no tanque para o sistema de alimenta\u00e7\u00e3o do motor do seu ve\u00edculo, suprindo, assim, todas as suas<\/p>\n","protected":false},"featured_media":49056,"comment_status":"closed","ping_status":"open","template":"","meta":{"_acf_changed":false},"product_cat":[1619],"product_tag":[],"class_list":["post-49055","product","type-product","status-publish","has-post-thumbnail","hentry","product_cat-injecao"],"acf":[],"_links":{"self":[{"href":"https:\/\/classipredio.com.br\/qzap\/wp-json\/wp\/v2\/product\/49055","targetHints":{"allow":["GET"]}}],"collection":[{"href":"https:\/\/classipredio.com.br\/qzap\/wp-json\/wp\/v2\/product"}],"about":[{"href":"https:\/\/classipredio.com.br\/qzap\/wp-json\/wp\/v2\/types\/product"}],"replies":[{"embeddable":true,"href":"https:\/\/classipredio.com.br\/qzap\/wp-json\/wp\/v2\/comments?post=49055"}],"wp:featuredmedia":[{"embeddable":true,"href":"https:\/\/classipredio.com.br\/qzap\/wp-json\/wp\/v2\/media\/49056"}],"wp:attachment":[{"href":"https:\/\/classipredio.com.br\/qzap\/wp-json\/wp\/v2\/media?parent=49055"}],"wp:term":[{"taxonomy":"product_cat","embeddable":true,"href":"https:\/\/classipredio.com.br\/qzap\/wp-json\/wp\/v2\/product_cat?post=49055"},{"taxonomy":"product_tag","embeddable":true,"href":"https:\/\/classipredio.com.br\/qzap\/wp-json\/wp\/v2\/product_tag?post=49055"}],"curies":[{"name":"wp","href":"https:\/\/api.w.org\/{rel}","templated":true}]}}