{"id":49442,"date":"2025-01-25T05:07:05","date_gmt":"2025-01-25T05:07:05","guid":{"rendered":"https:\/\/classipredio.com.br\/qzap\/produto\/kit-pastilha-freio-volkswagen-parati-2009-a-2011-dianteira-bosch-fsii-cobreq\/"},"modified":"2025-01-25T05:07:05","modified_gmt":"2025-01-25T05:07:05","slug":"kit-pastilha-freio-volkswagen-parati-2009-a-2011-dianteira-bosch-fsii-cobreq","status":"publish","type":"product","link":"https:\/\/classipredio.com.br\/qzap\/produto\/kit-pastilha-freio-volkswagen-parati-2009-a-2011-dianteira-bosch-fsii-cobreq\/","title":{"rendered":"Kit Pastilha Freio Volkswagen Parati 2009 a 2011 Dianteira Bosch FSII Cobreq"},"content":{"rendered":"<p>As pastilhas de freio s\u00e3o essenciais para a frenagem do autom\u00f3vel, pois, s\u00e3o respons\u00e1veis por 70% do trabalho. Elas fazem as rodas pararem, ao entrarem em contato com o disco de freio. \u00c9 importante ficar sempre atento ao bom funcionamento delas. Pastilhas muito gastas podem gerar grandes problemas \u00e0 vida do motorista, al\u00e9m de afetar outros mecanismos, como o disco de freio do autom\u00f3vel.<\/p>\n","protected":false},"excerpt":{"rendered":"<p>As pastilhas de freio s\u00e3o essenciais para a frenagem do autom\u00f3vel, pois, s\u00e3o respons\u00e1veis por 70% do trabalho. Elas fazem as rodas pararem, ao entrarem em contato com o disco<\/p>\n","protected":false},"featured_media":49443,"comment_status":"closed","ping_status":"open","template":"","meta":{"_acf_changed":false},"product_cat":[1621],"product_tag":[],"class_list":["post-49442","product","type-product","status-publish","has-post-thumbnail","hentry","product_cat-freio"],"acf":[],"_links":{"self":[{"href":"https:\/\/classipredio.com.br\/qzap\/wp-json\/wp\/v2\/product\/49442","targetHints":{"allow":["GET"]}}],"collection":[{"href":"https:\/\/classipredio.com.br\/qzap\/wp-json\/wp\/v2\/product"}],"about":[{"href":"https:\/\/classipredio.com.br\/qzap\/wp-json\/wp\/v2\/types\/product"}],"replies":[{"embeddable":true,"href":"https:\/\/classipredio.com.br\/qzap\/wp-json\/wp\/v2\/comments?post=49442"}],"wp:featuredmedia":[{"embeddable":true,"href":"https:\/\/classipredio.com.br\/qzap\/wp-json\/wp\/v2\/media\/49443"}],"wp:attachment":[{"href":"https:\/\/classipredio.com.br\/qzap\/wp-json\/wp\/v2\/media?parent=49442"}],"wp:term":[{"taxonomy":"product_cat","embeddable":true,"href":"https:\/\/classipredio.com.br\/qzap\/wp-json\/wp\/v2\/product_cat?post=49442"},{"taxonomy":"product_tag","embeddable":true,"href":"https:\/\/classipredio.com.br\/qzap\/wp-json\/wp\/v2\/product_tag?post=49442"}],"curies":[{"name":"wp","href":"https:\/\/api.w.org\/{rel}","templated":true}]}}