{"id":52383,"date":"2025-01-25T06:17:07","date_gmt":"2025-01-25T06:17:07","guid":{"rendered":"https:\/\/classipredio.com.br\/qzap\/produto\/bomba-combustivel-volkswagen-saveiro-97-a-2005-gasolina-magneti-marelli-wb011\/"},"modified":"2025-01-25T06:17:08","modified_gmt":"2025-01-25T06:17:08","slug":"bomba-combustivel-volkswagen-saveiro-97-a-2005-gasolina-magneti-marelli-wb011","status":"publish","type":"product","link":"https:\/\/classipredio.com.br\/qzap\/produto\/bomba-combustivel-volkswagen-saveiro-97-a-2005-gasolina-magneti-marelli-wb011\/","title":{"rendered":"Bomba Combust\u00edvel Volkswagen Saveiro 97 a 2005 Gasolina Magneti Marelli WB011"},"content":{"rendered":"<p>A fun\u00e7\u00e3o de uma bomba de combust\u00edvel \u00e9 deslocar o Combust\u00edvel que est\u00e1 no tanque para o sistema de alimenta\u00e7\u00e3o do motor, suprindo, assim, todas as suas condi\u00e7\u00f5es de trabalho, como carga, Rota\u00e7\u00e3o e temperatura. No M\u00f3dulo de alimenta\u00e7\u00e3o, seu pr\u00f3prio Reservat\u00f3rio garante que o Combust\u00edvel esteja pr\u00f3ximo a bomba el\u00e9trica e pronto para ser enviado ao motor, al\u00e9m disso, essa configura\u00e7\u00e3o ajuda a manter a bomba lubrificada e bem refrigerada.<\/p>\n","protected":false},"excerpt":{"rendered":"<p>A fun\u00e7\u00e3o de uma bomba de combust\u00edvel \u00e9 deslocar o Combust\u00edvel que est\u00e1 no tanque para o sistema de alimenta\u00e7\u00e3o do motor, suprindo, assim, todas as suas condi\u00e7\u00f5es de trabalho,<\/p>\n","protected":false},"featured_media":52384,"comment_status":"closed","ping_status":"open","template":"","meta":{"_acf_changed":false},"product_cat":[1619],"product_tag":[],"class_list":["post-52383","product","type-product","status-publish","has-post-thumbnail","hentry","product_cat-injecao"],"acf":[],"_links":{"self":[{"href":"https:\/\/classipredio.com.br\/qzap\/wp-json\/wp\/v2\/product\/52383","targetHints":{"allow":["GET"]}}],"collection":[{"href":"https:\/\/classipredio.com.br\/qzap\/wp-json\/wp\/v2\/product"}],"about":[{"href":"https:\/\/classipredio.com.br\/qzap\/wp-json\/wp\/v2\/types\/product"}],"replies":[{"embeddable":true,"href":"https:\/\/classipredio.com.br\/qzap\/wp-json\/wp\/v2\/comments?post=52383"}],"wp:featuredmedia":[{"embeddable":true,"href":"https:\/\/classipredio.com.br\/qzap\/wp-json\/wp\/v2\/media\/52384"}],"wp:attachment":[{"href":"https:\/\/classipredio.com.br\/qzap\/wp-json\/wp\/v2\/media?parent=52383"}],"wp:term":[{"taxonomy":"product_cat","embeddable":true,"href":"https:\/\/classipredio.com.br\/qzap\/wp-json\/wp\/v2\/product_cat?post=52383"},{"taxonomy":"product_tag","embeddable":true,"href":"https:\/\/classipredio.com.br\/qzap\/wp-json\/wp\/v2\/product_tag?post=52383"}],"curies":[{"name":"wp","href":"https:\/\/api.w.org\/{rel}","templated":true}]}}