{"id":61402,"date":"2025-01-25T10:02:19","date_gmt":"2025-01-25T10:02:19","guid":{"rendered":"https:\/\/classipredio.com.br\/qzap\/produto\/sonda-lambda-chevrolet-agile-1-4-2010-a-2014-pre-pos-bosch\/"},"modified":"2025-01-25T10:02:19","modified_gmt":"2025-01-25T10:02:19","slug":"sonda-lambda-chevrolet-agile-1-4-2010-a-2014-pre-pos-bosch","status":"publish","type":"product","link":"https:\/\/classipredio.com.br\/qzap\/produto\/sonda-lambda-chevrolet-agile-1-4-2010-a-2014-pre-pos-bosch\/","title":{"rendered":"Sonda Lambda Chevrolet Agile 1.4 2010 a 2014 Pr\u00e9 P\u00f3s Bosch"},"content":{"rendered":"<p>A sonda lambda \u00e9 um sensor que fica no escapamento do carro e serve para medir a quantidade de oxig\u00eanio restante da queima de combust\u00edvel. Falhas que s\u00e3o importantes de se preocupar com a sonda lambda, s\u00e3o por exemplo, odor diferente no escapamento, falha no motor, luz do painel acendendo mostrando problema na inje\u00e7\u00e3o. \u00c9 uma pe\u00e7a muito precisa e importante para que o seu carro tenha um bom funcionamento e consumo.<\/p>\n","protected":false},"excerpt":{"rendered":"<p>A sonda lambda \u00e9 um sensor que fica no escapamento do carro e serve para medir a quantidade de oxig\u00eanio restante da queima de combust\u00edvel. Falhas que s\u00e3o importantes de<\/p>\n","protected":false},"featured_media":61034,"comment_status":"closed","ping_status":"open","template":"","meta":{"_acf_changed":false},"product_cat":[1619],"product_tag":[],"class_list":["post-61402","product","type-product","status-publish","has-post-thumbnail","hentry","product_cat-injecao"],"acf":[],"_links":{"self":[{"href":"https:\/\/classipredio.com.br\/qzap\/wp-json\/wp\/v2\/product\/61402","targetHints":{"allow":["GET"]}}],"collection":[{"href":"https:\/\/classipredio.com.br\/qzap\/wp-json\/wp\/v2\/product"}],"about":[{"href":"https:\/\/classipredio.com.br\/qzap\/wp-json\/wp\/v2\/types\/product"}],"replies":[{"embeddable":true,"href":"https:\/\/classipredio.com.br\/qzap\/wp-json\/wp\/v2\/comments?post=61402"}],"wp:featuredmedia":[{"embeddable":true,"href":"https:\/\/classipredio.com.br\/qzap\/wp-json\/wp\/v2\/media\/61034"}],"wp:attachment":[{"href":"https:\/\/classipredio.com.br\/qzap\/wp-json\/wp\/v2\/media?parent=61402"}],"wp:term":[{"taxonomy":"product_cat","embeddable":true,"href":"https:\/\/classipredio.com.br\/qzap\/wp-json\/wp\/v2\/product_cat?post=61402"},{"taxonomy":"product_tag","embeddable":true,"href":"https:\/\/classipredio.com.br\/qzap\/wp-json\/wp\/v2\/product_tag?post=61402"}],"curies":[{"name":"wp","href":"https:\/\/api.w.org\/{rel}","templated":true}]}}