{"id":61558,"date":"2025-01-25T10:06:12","date_gmt":"2025-01-25T10:06:12","guid":{"rendered":"https:\/\/classipredio.com.br\/qzap\/produto\/bico-injetor-ford-escort-1-6-2000-a-2002-bosch\/"},"modified":"2025-01-25T10:06:14","modified_gmt":"2025-01-25T10:06:14","slug":"bico-injetor-ford-escort-1-6-2000-a-2002-bosch","status":"publish","type":"product","link":"https:\/\/classipredio.com.br\/qzap\/produto\/bico-injetor-ford-escort-1-6-2000-a-2002-bosch\/","title":{"rendered":"Bico Injetor Ford Escort 1.6 2000 a 2002 Bosch"},"content":{"rendered":"<p>Os bicos injetores s\u00e3o componentes de extrema precis\u00e3o, respons\u00e1veis por pulverizar finamente o Combust\u00edvel na c\u00e2mara de combust\u00e3o do motor. Quanto melhor for a pulveriza\u00e7\u00e3o, maior ser\u00e1 o rendimento do motor. Em consequ\u00eancia, se obt\u00e9m mais economia de Combust\u00edvel com menor emiss\u00e3o de gases poluentes. A Bosch \u00e9 a empresa l\u00edder em inova\u00e7\u00e3o e Solu\u00e7\u00f5es para Mobilidade e oferece solu\u00e7\u00f5es completas em produtos e servi\u00e7os, sendo esta, a maior divis\u00e3o de neg\u00f3cio da Bosch.<\/p>\n","protected":false},"excerpt":{"rendered":"<p>Os bicos injetores s\u00e3o componentes de extrema precis\u00e3o, respons\u00e1veis por pulverizar finamente o Combust\u00edvel na c\u00e2mara de combust\u00e3o do motor. Quanto melhor for a pulveriza\u00e7\u00e3o, maior ser\u00e1 o rendimento do<\/p>\n","protected":false},"featured_media":61559,"comment_status":"closed","ping_status":"open","template":"","meta":{"_acf_changed":false},"product_cat":[1619],"product_tag":[],"class_list":["post-61558","product","type-product","status-publish","has-post-thumbnail","hentry","product_cat-injecao"],"acf":[],"_links":{"self":[{"href":"https:\/\/classipredio.com.br\/qzap\/wp-json\/wp\/v2\/product\/61558","targetHints":{"allow":["GET"]}}],"collection":[{"href":"https:\/\/classipredio.com.br\/qzap\/wp-json\/wp\/v2\/product"}],"about":[{"href":"https:\/\/classipredio.com.br\/qzap\/wp-json\/wp\/v2\/types\/product"}],"replies":[{"embeddable":true,"href":"https:\/\/classipredio.com.br\/qzap\/wp-json\/wp\/v2\/comments?post=61558"}],"wp:featuredmedia":[{"embeddable":true,"href":"https:\/\/classipredio.com.br\/qzap\/wp-json\/wp\/v2\/media\/61559"}],"wp:attachment":[{"href":"https:\/\/classipredio.com.br\/qzap\/wp-json\/wp\/v2\/media?parent=61558"}],"wp:term":[{"taxonomy":"product_cat","embeddable":true,"href":"https:\/\/classipredio.com.br\/qzap\/wp-json\/wp\/v2\/product_cat?post=61558"},{"taxonomy":"product_tag","embeddable":true,"href":"https:\/\/classipredio.com.br\/qzap\/wp-json\/wp\/v2\/product_tag?post=61558"}],"curies":[{"name":"wp","href":"https:\/\/api.w.org\/{rel}","templated":true}]}}