{"id":62457,"date":"2025-01-25T10:29:39","date_gmt":"2025-01-25T10:29:39","guid":{"rendered":"https:\/\/classipredio.com.br\/qzap\/produto\/oleo-semissintetico-10w30-actevo-4t-api-sl-castrol-1-litro-para-motos-oleo-semissintetico-10w30-actevo-4t-1l-castrol-para-motos\/"},"modified":"2025-01-25T10:29:39","modified_gmt":"2025-01-25T10:29:39","slug":"oleo-semissintetico-10w30-actevo-4t-api-sl-castrol-1-litro-para-motos-oleo-semissintetico-10w30-actevo-4t-1l-castrol-para-motos","status":"publish","type":"product","link":"https:\/\/classipredio.com.br\/qzap\/produto\/oleo-semissintetico-10w30-actevo-4t-api-sl-castrol-1-litro-para-motos-oleo-semissintetico-10w30-actevo-4t-1l-castrol-para-motos\/","title":{"rendered":"\u00d3leo Semissint\u00e9tico 10W30 Actevo 4T API SL Castrol 1 Litro Para Motos &#8211; \u00d3leo Semissint\u00e9tico 10W30 Actevo 4T 1L Castrol Para Motos"},"content":{"rendered":"<p>O Castrol&reg; Actevo&reg; com Mol&eacute;culas Actibond&reg; &eacute; um &oacute;leo lubrificante de motocicleta semissint&eacute;tico de 4T, formulado exclusivamente para aderir a pe&ccedil;as cr&iacute;ticas, mesmo quando o motor est&aacute; desligado, proporcionando uma camada protetora a partir do momento em que voc&ecirc; d&aacute; partida no motor.&nbsp; ESPECIFICA&Ccedil;&Otilde;ES:API SL;JASO MA-2;SAE 10W-30;Tecnologia semissint&eacute;tica<\/p>\n","protected":false},"excerpt":{"rendered":"<p>O Castrol&reg; Actevo&reg; com Mol&eacute;culas Actibond&reg; &eacute; um &oacute;leo lubrificante de motocicleta semissint&eacute;tico de 4T, formulado exclusivamente para aderir a pe&ccedil;as cr&iacute;ticas, mesmo quando o motor est&aacute; desligado, proporcionando uma<\/p>\n","protected":false},"featured_media":62458,"comment_status":"closed","ping_status":"open","template":"","meta":{"_acf_changed":false},"product_cat":[1615],"product_tag":[],"class_list":["post-62457","product","type-product","status-publish","has-post-thumbnail","hentry","product_cat-oleo-motor"],"acf":[],"_links":{"self":[{"href":"https:\/\/classipredio.com.br\/qzap\/wp-json\/wp\/v2\/product\/62457","targetHints":{"allow":["GET"]}}],"collection":[{"href":"https:\/\/classipredio.com.br\/qzap\/wp-json\/wp\/v2\/product"}],"about":[{"href":"https:\/\/classipredio.com.br\/qzap\/wp-json\/wp\/v2\/types\/product"}],"replies":[{"embeddable":true,"href":"https:\/\/classipredio.com.br\/qzap\/wp-json\/wp\/v2\/comments?post=62457"}],"wp:featuredmedia":[{"embeddable":true,"href":"https:\/\/classipredio.com.br\/qzap\/wp-json\/wp\/v2\/media\/62458"}],"wp:attachment":[{"href":"https:\/\/classipredio.com.br\/qzap\/wp-json\/wp\/v2\/media?parent=62457"}],"wp:term":[{"taxonomy":"product_cat","embeddable":true,"href":"https:\/\/classipredio.com.br\/qzap\/wp-json\/wp\/v2\/product_cat?post=62457"},{"taxonomy":"product_tag","embeddable":true,"href":"https:\/\/classipredio.com.br\/qzap\/wp-json\/wp\/v2\/product_tag?post=62457"}],"curies":[{"name":"wp","href":"https:\/\/api.w.org\/{rel}","templated":true}]}}